{"id":660,"date":"2019-03-03T18:09:18","date_gmt":"2019-03-03T17:09:18","guid":{"rendered":"https:\/\/www.ambroise-pare-rennes.fr\/?page_id=660"},"modified":"2019-08-15T13:17:59","modified_gmt":"2019-08-15T11:17:59","slug":"acces-proprietaires-et-residents","status":"publish","type":"page","link":"https:\/\/www.ambroise-pare-rennes.fr\/?page_id=660","title":{"rendered":"Acc\u00e8s Propri\u00e9taires et R\u00e9sidents"},"content":{"rendered":"<p><a href=\"https:\/\/prod.followme.fr\/FolloWMe\/login.php\">Signaler un incident sur la r\u00e9sidence<\/a><\/p>\n<p><a href=\"https:\/\/gimiweb.gimicloud.fr\/identity\/tIW0h68EsrtCi84swjso5WXWQuDJowDI005lwQiK\">Espace client DLJ co-propri\u00e9taires<\/a><\/p>\n\n\n<p><\/p>\n","protected":false},"excerpt":{"rendered":"<p>Signaler un incident sur la r\u00e9sidence Espace client DLJ co-propri\u00e9taires<\/p>\n","protected":false},"author":2,"featured_media":0,"parent":0,"menu_order":0,"comment_status":"closed","ping_status":"closed","template":"","meta":{"footnotes":""},"class_list":["post-660","page","type-page","status-publish","hentry"],"_links":{"self":[{"href":"https:\/\/www.ambroise-pare-rennes.fr\/index.php?rest_route=\/wp\/v2\/pages\/660"}],"collection":[{"href":"https:\/\/www.ambroise-pare-rennes.fr\/index.php?rest_route=\/wp\/v2\/pages"}],"about":[{"href":"https:\/\/www.ambroise-pare-rennes.fr\/index.php?rest_route=\/wp\/v2\/types\/page"}],"author":[{"embeddable":true,"href":"https:\/\/www.ambroise-pare-rennes.fr\/index.php?rest_route=\/wp\/v2\/users\/2"}],"replies":[{"embeddable":true,"href":"https:\/\/www.ambroise-pare-rennes.fr\/index.php?rest_route=%2Fwp%2Fv2%2Fcomments&post=660"}],"version-history":[{"count":4,"href":"https:\/\/www.ambroise-pare-rennes.fr\/index.php?rest_route=\/wp\/v2\/pages\/660\/revisions"}],"predecessor-version":[{"id":714,"href":"https:\/\/www.ambroise-pare-rennes.fr\/index.php?rest_route=\/wp\/v2\/pages\/660\/revisions\/714"}],"wp:attachment":[{"href":"https:\/\/www.ambroise-pare-rennes.fr\/index.php?rest_route=%2Fwp%2Fv2%2Fmedia&parent=660"}],"curies":[{"name":"wp","href":"https:\/\/api.w.org\/{rel}","templated":true}]}}